{"id":368,"date":"2021-11-17T23:13:56","date_gmt":"2021-11-17T22:13:56","guid":{"rendered":"https:\/\/laboutiquedelcorcho.com\/?post_type=product&#038;p=368"},"modified":"2026-04-30T10:50:18","modified_gmt":"2026-04-30T08:50:18","slug":"natural-estandar-2","status":"publish","type":"product","link":"https:\/\/www.laboutiquedelcorcho.com\/fr\/producto\/natural-estandar-2\/","title":{"rendered":"Natural 44 Est\u00e1ndar"},"content":{"rendered":"<p><span style=\"color: #646464;\">Bolsa de 100 u.\u00a0<\/span><\/p>\n<h4><span style=\"color: #4977b9;\">23,00 \u20ac<br \/>\n<\/span><\/h4>\n<p><em><span style=\"color: #646464;\">Impuestos inclu\u00eddos.<\/span><\/em><\/p>\n","protected":false},"excerpt":{"rendered":"<p><strong>Especialmente indicados para vinos J\u00f3venes, Roble, y Crianzas<\/strong><\/p>\n<p>Tapones de corcho natural de una sola pieza, de dimensiones 44&#215;24,2mm, marcados an\u00f3nimos, con posibilidad de marcarlos personalizados, tratados de acuerdo a la Normativa Internacional UNE-56921 y al C\u00f3digo de Buenas Pr\u00e1cticas taponeras, listos para el embotellado, son corchos indicados para vinos J\u00f3venes, Roble, y Crianzas.<\/p>\n<p><a style=\"text-decoration: none;\" href=\"\/wp-content\/uploads\/2021\/10\/Ficha_tecnica_Naturales_H_x_24_2_mm.pdf\" target=\"_blank\" rel=\"noopener\"><img loading=\"lazy\" decoding=\"async\" class=\"alignnone wp-image-745\" src=\"https:\/\/www.laboutiquedelcorcho.com\/wp-content\/uploads\/2021\/10\/download.png\" alt=\"\" width=\"21\" height=\"21\" \/> <span style=\"color: #a1a1a1;\">Descargar ficha t\u00e9cnica<\/span><\/a><\/p>\n<p>&nbsp;<\/p>\n","protected":false},"featured_media":372,"template":"","meta":{"_acf_changed":false},"product_brand":[],"product_cat":[37,105],"product_tag":[],"class_list":{"0":"post-368","1":"product","2":"type-product","3":"status-publish","4":"has-post-thumbnail","6":"product_cat-naturales","7":"product_cat-tapones-corcho-vino","8":"pa_bolsa-1000uds","9":"pa_bolsa-100uds","10":"pa_bolsa-300uds","11":"wcpa_has_options","13":"first","14":"instock","15":"taxable","16":"shipping-taxable","17":"purchasable","18":"product-type-variable","19":"has-default-attributes"},"acf":[],"wcpa_form_fields":{"rules":{"pric_overide_base_price":false,"pric_overide_base_price_if_gt_zero":true,"pric_overide_base_price_fully":false,"pric_cal_option_once":false,"pric_use_as_fee":true,"bind_quantity":false,"quantity_bind_formula":false},"fields":[{"type":"checkbox-group","elementId":"wcpa-checkbox-group-1738823489638","label":"","priceOptions":"different_for_all","pricingType":"fixed","name":"checkbox-group-1738823489638","other_text":"Other","cl_rule":"show","col":6,"values":[{"label":"Personalizar tap\u00f3n","value":"Personalizar tap\u00f3n","price":"","pimage":"","pimage_id":"","pthumb":""}],"relations":false,"form_id":945,"form_rules":{"pric_cal_option_once":false,"exclude_from_discount":false,"pric_use_as_fee":false,"fee_label":"Fee","render_after_acb":false,"disp_hide_options_price":false}},{"type":"select","required":true,"elementId":"wcpa-select-1643923433090","label":"Dise\u00f1o","placeholder":"Selecciona una opci\u00f3n:","enablePrice":true,"priceOptions":"different_for_all","pricingType":"fixed","price":"102","use_as_fee":true,"name":"select-1643923433090","fee_label":"Dise\u00f1o","enableCl":true,"cl_rule":"show","cl_val":"53","operator":"and","col":6,"values":[{"label":"Subir archivo con dise\u00f1o","value":"archivo","price":"102","pimage":"","pimage_id":"","pthumb":""},{"label":"Personalizar el tap\u00f3n con texto","value":"texto1","price":"102","pimage":"","pimage_id":"","pthumb":""},{"label":"Utilizar clich\u00e9 existente","value":"exite","price":"0","pimage":"","pimage_id":"","pthumb":""}],"relations":[{"operator":"or","rules":[{"operator":"and","rules":{"cl_field":"wcpa-checkbox-group-1738823489638","cl_relation":"is","cl_val":{"i":"0","value":"Personalizar tap\u00f3n"}}},{"operator":false,"rules":{"cl_field":"attribute","cl_relation":"pa_bolsa","cl_val":"100uds"}}]},{"operator":"or","rules":[{"operator":"and","rules":{"cl_field":"wcpa-checkbox-group-1738823489638","cl_relation":"is","cl_val":{"i":"0","value":"Personalizar tap\u00f3n"}}},{"operator":false,"rules":{"cl_field":"attribute","cl_relation":"pa_bolsa","cl_val":"300uds"}}]},{"operator":"or","rules":[{"operator":"and","rules":{"cl_field":"wcpa-checkbox-group-1738823489638","cl_relation":"is","cl_val":{"i":"0","value":"Personalizar tap\u00f3n"}}},{"operator":false,"rules":{"cl_field":"attribute","cl_relation":"pa_bolsa","cl_val":"1000uds"}}]},{"operator":"or","rules":[{"operator":"and","rules":{"cl_field":"wcpa-checkbox-group-1738823489638","cl_relation":"is","cl_val":{"i":"0","value":"Personalizar tap\u00f3n"}}},{"operator":false,"rules":{"cl_field":"attribute","cl_relation":"pa_bolsa","cl_val":"200uds"}}]},{"operator":"or","rules":[{"operator":"and","rules":{"cl_field":"wcpa-checkbox-group-1738823489638","cl_relation":"is","cl_val":{"i":"0","value":"Personalizar tap\u00f3n"}}},{"operator":false,"rules":{"cl_field":"attribute","cl_relation":"pa_bolsa","cl_val":"50uds"}}]},{"operator":false,"rules":[{"operator":"and","rules":{"cl_field":"wcpa-checkbox-group-1738823489638","cl_relation":"is","cl_val":{"i":"0","value":"Personalizar tap\u00f3n"}}},{"operator":false,"rules":{"cl_field":"attribute","cl_relation":"pa_bolsa","cl_val":"500uds"}}]}],"form_id":945,"form_rules":{"pric_cal_option_once":false,"exclude_from_discount":false,"pric_use_as_fee":false,"fee_label":"Fee","render_after_acb":false,"disp_hide_options_price":false}},{"type":"file","required":true,"elementId":"wcpa-file-1643292559121","label":"Subir imagen con tu dise\u00f1o","enablePrice":true,"pricingType":"fixed","price":"84,3","ajax_upload":true,"name":"file-1643292559121","enableCl":true,"cl_rule":"show","cl_val":"archivo","col":6,"relations":[{"operator":false,"rules":[{"operator":false,"rules":{"cl_field":"wcpa-select-1643923433090","cl_relation":"contains","cl_val":"archivo"}}]}],"form_id":945,"form_rules":{"pric_cal_option_once":false,"exclude_from_discount":false,"pric_use_as_fee":false,"fee_label":"Fee","render_after_acb":false,"disp_hide_options_price":false}},{"type":"text","required":true,"elementId":"wcpa-text-1643292996321","label":"Escribe el texto que quieres que aparezca en tus tapones","placeholder":"Escribe el texto aqu\u00ed","pricingType":"fixed","price":"84,3","name":"text-1643292996321","subtype":"text","enableCl":true,"cl_rule":"show","cl_val":"texto1","col":6,"relations":[{"operator":false,"rules":[{"operator":false,"rules":{"cl_field":"wcpa-select-1643923433090","cl_relation":"contains","cl_val":"texto1"}}]}],"form_id":945,"form_rules":{"pric_cal_option_once":false,"exclude_from_discount":false,"pric_use_as_fee":false,"fee_label":"Fee","render_after_acb":false,"disp_hide_options_price":false}},{"type":"text","required":true,"elementId":"wcpa-text-1643293083622","label":"Descripci\u00f3n clich\u00e9","placeholder":"Introduce los datos de tu pedido aqu\u00ed","pricingType":"fixed","name":"text-1643293083622","subtype":"text","enableCl":true,"cl_rule":"show","cl_val":"exite","col":6,"relations":[{"operator":false,"rules":[{"operator":false,"rules":{"cl_field":"wcpa-select-1643923433090","cl_relation":"contains","cl_val":"exite"}}]}],"form_id":945,"form_rules":{"pric_cal_option_once":false,"exclude_from_discount":false,"pric_use_as_fee":false,"fee_label":"Fee","render_after_acb":false,"disp_hide_options_price":false}},{"type":"paragraph","subtype":"div","label":"Crea un clich\u00e9 personalizado con una imagen o escribiendo un texto. \nSi quieres reutilizar un clich\u00e9 de un pedido anterior, detalla su descripci\u00f3n.  \nSi el dise\u00f1o es el mismo para distintos tapones del pedido, una vez seleccionado en los 1\u00ba , en sucesivos pinchar la opci\u00f3n \u201cClich\u00e9 existente\u201d.","elementId":"wcpa-paragraph-1733569172634","pricingType":"fixed","enableCl":true,"cl_rule":"show","cl_val":"exite","col":6,"relations":[{"operator":false,"rules":[{"operator":false,"rules":{"cl_field":"wcpa-select-1643923433090","cl_relation":"is","cl_val":{"i":"2","value":"exite"}}}]}],"form_id":945,"form_rules":{"pric_cal_option_once":false,"exclude_from_discount":false,"pric_use_as_fee":false,"fee_label":"Fee","render_after_acb":false,"disp_hide_options_price":false}},{"type":"number","elementId":"wcpa-number-1739015798291","label":"Cantidad de bolsas","description":"Compra m\u00ednima de 600 unidades para personalizar tap\u00f3n","value":"12","enablePrice":true,"pricingType":"custom","price":"{value}*{product_price}","min":"12","max":"1000","step":"1","className":"hiddenfield","name":"number-1739015798290","enableCl":true,"cl_rule":"show","cl_val":"Personalizar tap\u00f3n","operator":"and","col":6,"relations":[{"operator":false,"rules":[{"operator":"and","rules":{"cl_field":"attribute","cl_relation":"pa_bolsa","cl_val":"50uds"}},{"operator":false,"rules":{"cl_field":"wcpa-checkbox-group-1738823489638","cl_relation":"is","cl_val":{"i":"0","value":"Personalizar tap\u00f3n"}}}]}],"form_id":945,"form_rules":{"pric_cal_option_once":false,"exclude_from_discount":false,"pric_use_as_fee":false,"fee_label":"Fee","render_after_acb":false,"disp_hide_options_price":false}},{"type":"number","elementId":"wcpa-number-1739008225203","label":"Cantidad de bolsas","description":"Compra m\u00ednima de 600 unidades para personalizar tap\u00f3n","value":"6","enablePrice":true,"pricingType":"custom","price":"{value}*{product_price}","min":"6","max":"100","step":"1","className":"hiddenfield","name":"number-1739008225201","enableCl":true,"cl_rule":"show","cl_val":"Personalizar tap\u00f3n","operator":"and","col":6,"relations":[{"operator":false,"rules":[{"operator":"and","rules":{"cl_field":"attribute","cl_relation":"pa_bolsa","cl_val":"100uds"}},{"operator":false,"rules":{"cl_field":"wcpa-checkbox-group-1738823489638","cl_relation":"is","cl_val":{"i":"0","value":"Personalizar tap\u00f3n"}}}]}],"form_id":945,"form_rules":{"pric_cal_option_once":false,"exclude_from_discount":false,"pric_use_as_fee":false,"fee_label":"Fee","render_after_acb":false,"disp_hide_options_price":false}},{"type":"number","elementId":"wcpa-number-1739015801014","label":"Cantidad de bolsas","description":"Compra m\u00ednima de 600 unidades para personalizar tap\u00f3n","value":"3","enablePrice":true,"pricingType":"custom","price":"{value}*{product_price}","min":"3","max":"100","step":"1","className":"hiddenfield","name":"number-1739015801014","enableCl":true,"cl_rule":"show","cl_val":"Personalizar tap\u00f3n","operator":"and","col":6,"relations":[{"operator":false,"rules":[{"operator":"and","rules":{"cl_field":"attribute","cl_relation":"pa_bolsa","cl_val":"200uds"}},{"operator":false,"rules":{"cl_field":"wcpa-checkbox-group-1738823489638","cl_relation":"is","cl_val":{"i":"0","value":"Personalizar tap\u00f3n"}}}]}],"form_id":945,"form_rules":{"pric_cal_option_once":false,"exclude_from_discount":false,"pric_use_as_fee":false,"fee_label":"Fee","render_after_acb":false,"disp_hide_options_price":false}},{"type":"number","elementId":"wcpa-number-1739015801936","label":"Cantidad de bolsas","description":"Compra m\u00ednima de 600 unidades para personalizar tap\u00f3n","value":"2","enablePrice":true,"pricingType":"custom","price":"{value}*{product_price}","min":"2","max":"100","step":"1","className":"hiddenfield","name":"number-1739015801935","enableCl":true,"cl_rule":"show","cl_val":"Personalizar tap\u00f3n","operator":"and","col":6,"relations":[{"operator":false,"rules":[{"operator":"and","rules":{"cl_field":"attribute","cl_relation":"pa_bolsa","cl_val":"300uds"}},{"operator":false,"rules":{"cl_field":"wcpa-checkbox-group-1738823489638","cl_relation":"is","cl_val":{"i":"0","value":"Personalizar tap\u00f3n"}}}]}],"form_id":945,"form_rules":{"pric_cal_option_once":false,"exclude_from_discount":false,"pric_use_as_fee":false,"fee_label":"Fee","render_after_acb":false,"disp_hide_options_price":false}},{"type":"number","elementId":"wcpa-number-1739015802968","label":"Cantidad de bolsas","description":"Compra m\u00ednima de 600 unidades para personalizar tap\u00f3n","value":"2","enablePrice":true,"pricingType":"custom","price":"{value}*{product_price}","min":"2","max":"100","step":"1","className":"hiddenfield","name":"number-1739015802967","enableCl":true,"cl_rule":"show","cl_val":"Personalizar tap\u00f3n","operator":"and","col":6,"relations":[{"operator":false,"rules":[{"operator":"and","rules":{"cl_field":"attribute","cl_relation":"pa_bolsa","cl_val":"500uds"}},{"operator":false,"rules":{"cl_field":"wcpa-checkbox-group-1738823489638","cl_relation":"is","cl_val":{"i":"0","value":"Personalizar tap\u00f3n"}}}]}],"form_id":945,"form_rules":{"pric_cal_option_once":false,"exclude_from_discount":false,"pric_use_as_fee":false,"fee_label":"Fee","render_after_acb":false,"disp_hide_options_price":false}},{"type":"number","elementId":"wcpa-number-1739015811032","label":"Cantidad de bolsas","description":"Compra m\u00ednima de 600 unidades para personalizar tap\u00f3n","value":"1","enablePrice":true,"pricingType":"custom","price":"{value}*{product_price}","min":"1","max":"100","step":"1","className":"hiddenfield","name":"number-1739015811031","enableCl":true,"cl_rule":"show","cl_val":"Personalizar tap\u00f3n","operator":"and","col":6,"relations":[{"operator":false,"rules":[{"operator":"and","rules":{"cl_field":"attribute","cl_relation":"pa_bolsa","cl_val":"1000uds"}},{"operator":false,"rules":{"cl_field":"wcpa-checkbox-group-1738823489638","cl_relation":"is","cl_val":{"i":"0","value":"Personalizar tap\u00f3n"}}}]}],"form_id":945,"form_rules":{"pric_cal_option_once":false,"exclude_from_discount":false,"pric_use_as_fee":false,"fee_label":"Fee","render_after_acb":false,"disp_hide_options_price":false}},{"type":"number","elementId":"wcpa-number-1739046586177","label":"Cantidad de bolsas","value":"1","enablePrice":true,"pricingType":"custom","price":"{value}*{product_price}","min":"1","max":"1000","step":"1","className":"hiddenfield","name":"number-1739046586175","enableCl":true,"cl_rule":"hide","cl_val":"Personalizar tap\u00f3n","col":6,"relations":[{"operator":false,"rules":[{"operator":false,"rules":{"cl_field":"wcpa-checkbox-group-1738823489638","cl_relation":"is","cl_val":{"i":"0","value":"Personalizar tap\u00f3n"}}}]}],"form_id":945,"form_rules":{"pric_cal_option_once":false,"exclude_from_discount":false,"pric_use_as_fee":false,"fee_label":"Fee","render_after_acb":false,"disp_hide_options_price":false}}]},"yoast_head":"<!-- This site is optimized with the Yoast SEO plugin v25.3.1 - https:\/\/yoast.com\/wordpress\/plugins\/seo\/ -->\n<title>Natural 44 Est\u00e1ndar - La Boutique Del Corcho<\/title>\n<meta name=\"robots\" content=\"index, follow, max-snippet:-1, max-image-preview:large, max-video-preview:-1\" \/>\n<link rel=\"canonical\" href=\"https:\/\/www.laboutiquedelcorcho.com\/fr\/producto\/natural-estandar-2\/\" \/>\n<meta property=\"og:locale\" content=\"fr_FR\" \/>\n<meta property=\"og:type\" content=\"article\" \/>\n<meta property=\"og:title\" content=\"Natural 44 Est\u00e1ndar - La Boutique Del Corcho\" \/>\n<meta property=\"og:description\" content=\"Especialmente indicados para vinos J\u00f3venes, Roble, y Crianzas  Tapones de corcho natural de una sola pieza, de dimensiones 44x24,2mm, marcados an\u00f3nimos, con posibilidad de marcarlos personalizados, tratados de acuerdo a la Normativa Internacional UNE-56921 y al C\u00f3digo de Buenas Pr\u00e1cticas taponeras, listos para el embotellado, son corchos indicados para vinos J\u00f3venes, Roble, y Crianzas.   Descargar ficha t\u00e9cnica  &nbsp;\" \/>\n<meta property=\"og:url\" content=\"https:\/\/www.laboutiquedelcorcho.com\/fr\/producto\/natural-estandar-2\/\" \/>\n<meta property=\"og:site_name\" content=\"La Boutique Del Corcho\" \/>\n<meta property=\"article:modified_time\" content=\"2026-04-30T08:50:18+00:00\" \/>\n<meta property=\"og:image\" content=\"https:\/\/www.laboutiquedelcorcho.com\/wp-content\/uploads\/2021\/10\/tapones-natural-estandar.jpg\" \/>\n\t<meta property=\"og:image:width\" content=\"650\" \/>\n\t<meta property=\"og:image:height\" content=\"1000\" \/>\n\t<meta property=\"og:image:type\" content=\"image\/jpeg\" \/>\n<meta name=\"twitter:card\" content=\"summary_large_image\" \/>\n<meta name=\"twitter:label1\" content=\"Dur\u00e9e de lecture estim\u00e9e\" \/>\n\t<meta name=\"twitter:data1\" content=\"1 minute\" \/>\n<script type=\"application\/ld+json\" class=\"yoast-schema-graph\">{\"@context\":\"https:\/\/schema.org\",\"@graph\":[{\"@type\":\"WebPage\",\"@id\":\"https:\/\/www.laboutiquedelcorcho.com\/fr\/producto\/natural-estandar-2\/\",\"url\":\"https:\/\/www.laboutiquedelcorcho.com\/fr\/producto\/natural-estandar-2\/\",\"name\":\"Natural 44 Est\u00e1ndar - La Boutique Del Corcho\",\"isPartOf\":{\"@id\":\"https:\/\/www.laboutiquedelcorcho.com\/fr\/#website\"},\"primaryImageOfPage\":{\"@id\":\"https:\/\/www.laboutiquedelcorcho.com\/fr\/producto\/natural-estandar-2\/#primaryimage\"},\"image\":{\"@id\":\"https:\/\/www.laboutiquedelcorcho.com\/fr\/producto\/natural-estandar-2\/#primaryimage\"},\"thumbnailUrl\":\"https:\/\/www.laboutiquedelcorcho.com\/wp-content\/uploads\/2021\/10\/tapones-natural-estandar.jpg\",\"datePublished\":\"2021-11-17T22:13:56+00:00\",\"dateModified\":\"2026-04-30T08:50:18+00:00\",\"breadcrumb\":{\"@id\":\"https:\/\/www.laboutiquedelcorcho.com\/fr\/producto\/natural-estandar-2\/#breadcrumb\"},\"inLanguage\":\"fr-FR\",\"potentialAction\":[{\"@type\":\"ReadAction\",\"target\":[\"https:\/\/www.laboutiquedelcorcho.com\/fr\/producto\/natural-estandar-2\/\"]}]},{\"@type\":\"ImageObject\",\"inLanguage\":\"fr-FR\",\"@id\":\"https:\/\/www.laboutiquedelcorcho.com\/fr\/producto\/natural-estandar-2\/#primaryimage\",\"url\":\"https:\/\/www.laboutiquedelcorcho.com\/wp-content\/uploads\/2021\/10\/tapones-natural-estandar.jpg\",\"contentUrl\":\"https:\/\/www.laboutiquedelcorcho.com\/wp-content\/uploads\/2021\/10\/tapones-natural-estandar.jpg\",\"width\":650,\"height\":1000},{\"@type\":\"BreadcrumbList\",\"@id\":\"https:\/\/www.laboutiquedelcorcho.com\/fr\/producto\/natural-estandar-2\/#breadcrumb\",\"itemListElement\":[{\"@type\":\"ListItem\",\"position\":1,\"name\":\"Tienda\",\"item\":\"https:\/\/www.laboutiquedelcorcho.com\/tienda\/\"},{\"@type\":\"ListItem\",\"position\":2,\"name\":\"Natural 44 Est\u00e1ndar\"}]},{\"@type\":\"WebSite\",\"@id\":\"https:\/\/www.laboutiquedelcorcho.com\/fr\/#website\",\"url\":\"https:\/\/www.laboutiquedelcorcho.com\/fr\/\",\"name\":\"La Boutique Del Corcho\",\"description\":\"\",\"potentialAction\":[{\"@type\":\"SearchAction\",\"target\":{\"@type\":\"EntryPoint\",\"urlTemplate\":\"https:\/\/www.laboutiquedelcorcho.com\/fr\/?s={search_term_string}\"},\"query-input\":{\"@type\":\"PropertyValueSpecification\",\"valueRequired\":true,\"valueName\":\"search_term_string\"}}],\"inLanguage\":\"fr-FR\"}]}<\/script>\n<!-- \/ Yoast SEO plugin. -->","yoast_head_json":{"title":"Natural 44 Est\u00e1ndar - La Boutique Del Corcho","robots":{"index":"index","follow":"follow","max-snippet":"max-snippet:-1","max-image-preview":"max-image-preview:large","max-video-preview":"max-video-preview:-1"},"canonical":"https:\/\/www.laboutiquedelcorcho.com\/fr\/producto\/natural-estandar-2\/","og_locale":"fr_FR","og_type":"article","og_title":"Natural 44 Est\u00e1ndar - La Boutique Del Corcho","og_description":"Especialmente indicados para vinos J\u00f3venes, Roble, y Crianzas  Tapones de corcho natural de una sola pieza, de dimensiones 44x24,2mm, marcados an\u00f3nimos, con posibilidad de marcarlos personalizados, tratados de acuerdo a la Normativa Internacional UNE-56921 y al C\u00f3digo de Buenas Pr\u00e1cticas taponeras, listos para el embotellado, son corchos indicados para vinos J\u00f3venes, Roble, y Crianzas.   Descargar ficha t\u00e9cnica  &nbsp;","og_url":"https:\/\/www.laboutiquedelcorcho.com\/fr\/producto\/natural-estandar-2\/","og_site_name":"La Boutique Del Corcho","article_modified_time":"2026-04-30T08:50:18+00:00","og_image":[{"width":650,"height":1000,"url":"https:\/\/www.laboutiquedelcorcho.com\/wp-content\/uploads\/2021\/10\/tapones-natural-estandar.jpg","type":"image\/jpeg"}],"twitter_card":"summary_large_image","twitter_misc":{"Dur\u00e9e de lecture estim\u00e9e":"1 minute"},"schema":{"@context":"https:\/\/schema.org","@graph":[{"@type":"WebPage","@id":"https:\/\/www.laboutiquedelcorcho.com\/fr\/producto\/natural-estandar-2\/","url":"https:\/\/www.laboutiquedelcorcho.com\/fr\/producto\/natural-estandar-2\/","name":"Natural 44 Est\u00e1ndar - La Boutique Del Corcho","isPartOf":{"@id":"https:\/\/www.laboutiquedelcorcho.com\/fr\/#website"},"primaryImageOfPage":{"@id":"https:\/\/www.laboutiquedelcorcho.com\/fr\/producto\/natural-estandar-2\/#primaryimage"},"image":{"@id":"https:\/\/www.laboutiquedelcorcho.com\/fr\/producto\/natural-estandar-2\/#primaryimage"},"thumbnailUrl":"https:\/\/www.laboutiquedelcorcho.com\/wp-content\/uploads\/2021\/10\/tapones-natural-estandar.jpg","datePublished":"2021-11-17T22:13:56+00:00","dateModified":"2026-04-30T08:50:18+00:00","breadcrumb":{"@id":"https:\/\/www.laboutiquedelcorcho.com\/fr\/producto\/natural-estandar-2\/#breadcrumb"},"inLanguage":"fr-FR","potentialAction":[{"@type":"ReadAction","target":["https:\/\/www.laboutiquedelcorcho.com\/fr\/producto\/natural-estandar-2\/"]}]},{"@type":"ImageObject","inLanguage":"fr-FR","@id":"https:\/\/www.laboutiquedelcorcho.com\/fr\/producto\/natural-estandar-2\/#primaryimage","url":"https:\/\/www.laboutiquedelcorcho.com\/wp-content\/uploads\/2021\/10\/tapones-natural-estandar.jpg","contentUrl":"https:\/\/www.laboutiquedelcorcho.com\/wp-content\/uploads\/2021\/10\/tapones-natural-estandar.jpg","width":650,"height":1000},{"@type":"BreadcrumbList","@id":"https:\/\/www.laboutiquedelcorcho.com\/fr\/producto\/natural-estandar-2\/#breadcrumb","itemListElement":[{"@type":"ListItem","position":1,"name":"Tienda","item":"https:\/\/www.laboutiquedelcorcho.com\/tienda\/"},{"@type":"ListItem","position":2,"name":"Natural 44 Est\u00e1ndar"}]},{"@type":"WebSite","@id":"https:\/\/www.laboutiquedelcorcho.com\/fr\/#website","url":"https:\/\/www.laboutiquedelcorcho.com\/fr\/","name":"La Boutique Del Corcho","description":"","potentialAction":[{"@type":"SearchAction","target":{"@type":"EntryPoint","urlTemplate":"https:\/\/www.laboutiquedelcorcho.com\/fr\/?s={search_term_string}"},"query-input":{"@type":"PropertyValueSpecification","valueRequired":true,"valueName":"search_term_string"}}],"inLanguage":"fr-FR"}]}},"_links":{"self":[{"href":"https:\/\/www.laboutiquedelcorcho.com\/fr\/wp-json\/wp\/v2\/product\/368","targetHints":{"allow":["GET"]}}],"collection":[{"href":"https:\/\/www.laboutiquedelcorcho.com\/fr\/wp-json\/wp\/v2\/product"}],"about":[{"href":"https:\/\/www.laboutiquedelcorcho.com\/fr\/wp-json\/wp\/v2\/types\/product"}],"wp:featuredmedia":[{"embeddable":true,"href":"https:\/\/www.laboutiquedelcorcho.com\/fr\/wp-json\/wp\/v2\/media\/372"}],"wp:attachment":[{"href":"https:\/\/www.laboutiquedelcorcho.com\/fr\/wp-json\/wp\/v2\/media?parent=368"}],"wp:term":[{"taxonomy":"product_brand","embeddable":true,"href":"https:\/\/www.laboutiquedelcorcho.com\/fr\/wp-json\/wp\/v2\/product_brand?post=368"},{"taxonomy":"product_cat","embeddable":true,"href":"https:\/\/www.laboutiquedelcorcho.com\/fr\/wp-json\/wp\/v2\/product_cat?post=368"},{"taxonomy":"product_tag","embeddable":true,"href":"https:\/\/www.laboutiquedelcorcho.com\/fr\/wp-json\/wp\/v2\/product_tag?post=368"}],"curies":[{"name":"wp","href":"https:\/\/api.w.org\/{rel}","templated":true}]}}