{"id":469,"date":"2021-10-21T10:04:01","date_gmt":"2021-10-21T08:04:01","guid":{"rendered":"https:\/\/laboutiquedelcorcho.com\/?post_type=product&#038;p=469"},"modified":"2026-01-29T11:26:16","modified_gmt":"2026-01-29T10:26:16","slug":"coleccion-cuadros-corcho","status":"publish","type":"product","link":"https:\/\/www.laboutiquedelcorcho.com\/en\/producto\/coleccion-cuadros-corcho\/","title":{"rendered":"Colecci\u00f3n Cuadros Corcho"},"content":{"rendered":"<p><span style=\"color: #646464;\">Colecci\u00f3n.\u00a0<\/span><\/p>\n<h4><span style=\"color: #4977b9;\">1050,00 \u20ac<br \/>\n<\/span><\/h4>\n<p><em><span style=\"color: #646464;\">Impuestos inclu\u00eddos.<\/span><\/em><\/p>\n","protected":false},"excerpt":{"rendered":"<p>Colecci\u00f3n de 10 cuadros en 3D, artesanos 100% de corcho.<\/p>\n<p>&#8211; Tem\u00e1tica: &#8220;Procesos del vino&#8221; &#8211; &#8220;Enolog\u00eda&#8221; Cada uno de los cuadros describe un proceso de elaboraci\u00f3n del vino.<\/p>\n<p>Fabricados totalmente artesanales, hechos a mano y pintados a color con tizas.<\/p>\n<p>Marca &#8220;MONTES&#8221;<\/p>\n<p>Medidas cuadro:<\/p>\n<p>\u2022 40,5 cm alto<\/p>\n<p>\u2022 30,5 cm ancho<\/p>\n<p>\u2022 2,5 cm profundidad<\/p>\n","protected":false},"featured_media":570,"template":"","meta":{"_acf_changed":false},"product_brand":[],"product_cat":[35],"product_tag":[],"class_list":{"0":"post-469","1":"product","2":"type-product","3":"status-publish","4":"has-post-thumbnail","6":"product_cat-accesorios","8":"first","9":"instock","10":"sale","11":"taxable","12":"shipping-taxable","13":"purchasable","14":"product-type-simple"},"acf":[],"wcpa_form_fields":null,"yoast_head":"<!-- This site is optimized with the Yoast SEO plugin v25.3.1 - https:\/\/yoast.com\/wordpress\/plugins\/seo\/ -->\n<title>Colecci\u00f3n Cuadros Corcho - La Boutique Del Corcho<\/title>\n<meta name=\"robots\" content=\"index, follow, max-snippet:-1, max-image-preview:large, max-video-preview:-1\" \/>\n<link rel=\"canonical\" href=\"https:\/\/www.laboutiquedelcorcho.com\/en\/producto\/coleccion-cuadros-corcho\/\" \/>\n<meta property=\"og:locale\" content=\"en_US\" \/>\n<meta property=\"og:type\" content=\"article\" \/>\n<meta property=\"og:title\" content=\"Colecci\u00f3n Cuadros Corcho - La Boutique Del Corcho\" \/>\n<meta property=\"og:description\" content=\"Colecci\u00f3n de 10 cuadros en 3D, artesanos 100% de corcho.  - Tem\u00e1tica: &quot;Procesos del vino&quot; - &quot;Enolog\u00eda&quot; Cada uno de los cuadros describe un proceso de elaboraci\u00f3n del vino.  Fabricados totalmente artesanales, hechos a mano y pintados a color con tizas.  Marca &quot;MONTES&quot;  Medidas cuadro:  \u2022 40,5 cm alto  \u2022 30,5 cm ancho  \u2022 2,5 cm profundidad\" \/>\n<meta property=\"og:url\" content=\"https:\/\/www.laboutiquedelcorcho.com\/en\/producto\/coleccion-cuadros-corcho\/\" \/>\n<meta property=\"og:site_name\" content=\"La Boutique Del Corcho\" \/>\n<meta property=\"article:modified_time\" content=\"2026-01-29T10:26:16+00:00\" \/>\n<meta property=\"og:image\" content=\"https:\/\/www.laboutiquedelcorcho.com\/wp-content\/uploads\/2021\/10\/colecciobueno2.jpg\" \/>\n\t<meta property=\"og:image:width\" content=\"1300\" \/>\n\t<meta property=\"og:image:height\" content=\"1994\" \/>\n\t<meta property=\"og:image:type\" content=\"image\/jpeg\" \/>\n<meta name=\"twitter:card\" content=\"summary_large_image\" \/>\n<meta name=\"twitter:label1\" content=\"Est. reading time\" \/>\n\t<meta name=\"twitter:data1\" content=\"1 minute\" \/>\n<script type=\"application\/ld+json\" class=\"yoast-schema-graph\">{\"@context\":\"https:\/\/schema.org\",\"@graph\":[{\"@type\":\"WebPage\",\"@id\":\"https:\/\/www.laboutiquedelcorcho.com\/en\/producto\/coleccion-cuadros-corcho\/\",\"url\":\"https:\/\/www.laboutiquedelcorcho.com\/en\/producto\/coleccion-cuadros-corcho\/\",\"name\":\"Colecci\u00f3n Cuadros Corcho - La Boutique Del Corcho\",\"isPartOf\":{\"@id\":\"https:\/\/www.laboutiquedelcorcho.com\/en\/#website\"},\"primaryImageOfPage\":{\"@id\":\"https:\/\/www.laboutiquedelcorcho.com\/en\/producto\/coleccion-cuadros-corcho\/#primaryimage\"},\"image\":{\"@id\":\"https:\/\/www.laboutiquedelcorcho.com\/en\/producto\/coleccion-cuadros-corcho\/#primaryimage\"},\"thumbnailUrl\":\"https:\/\/www.laboutiquedelcorcho.com\/wp-content\/uploads\/2021\/10\/colecciobueno2.jpg\",\"datePublished\":\"2021-10-21T08:04:01+00:00\",\"dateModified\":\"2026-01-29T10:26:16+00:00\",\"breadcrumb\":{\"@id\":\"https:\/\/www.laboutiquedelcorcho.com\/en\/producto\/coleccion-cuadros-corcho\/#breadcrumb\"},\"inLanguage\":\"en-US\",\"potentialAction\":[{\"@type\":\"ReadAction\",\"target\":[\"https:\/\/www.laboutiquedelcorcho.com\/en\/producto\/coleccion-cuadros-corcho\/\"]}]},{\"@type\":\"ImageObject\",\"inLanguage\":\"en-US\",\"@id\":\"https:\/\/www.laboutiquedelcorcho.com\/en\/producto\/coleccion-cuadros-corcho\/#primaryimage\",\"url\":\"https:\/\/www.laboutiquedelcorcho.com\/wp-content\/uploads\/2021\/10\/colecciobueno2.jpg\",\"contentUrl\":\"https:\/\/www.laboutiquedelcorcho.com\/wp-content\/uploads\/2021\/10\/colecciobueno2.jpg\",\"width\":1300,\"height\":1994},{\"@type\":\"BreadcrumbList\",\"@id\":\"https:\/\/www.laboutiquedelcorcho.com\/en\/producto\/coleccion-cuadros-corcho\/#breadcrumb\",\"itemListElement\":[{\"@type\":\"ListItem\",\"position\":1,\"name\":\"Tienda\",\"item\":\"https:\/\/www.laboutiquedelcorcho.com\/tienda\/\"},{\"@type\":\"ListItem\",\"position\":2,\"name\":\"Colecci\u00f3n Cuadros Corcho\"}]},{\"@type\":\"WebSite\",\"@id\":\"https:\/\/www.laboutiquedelcorcho.com\/en\/#website\",\"url\":\"https:\/\/www.laboutiquedelcorcho.com\/en\/\",\"name\":\"La Boutique Del Corcho\",\"description\":\"\",\"potentialAction\":[{\"@type\":\"SearchAction\",\"target\":{\"@type\":\"EntryPoint\",\"urlTemplate\":\"https:\/\/www.laboutiquedelcorcho.com\/en\/?s={search_term_string}\"},\"query-input\":{\"@type\":\"PropertyValueSpecification\",\"valueRequired\":true,\"valueName\":\"search_term_string\"}}],\"inLanguage\":\"en-US\"}]}<\/script>\n<!-- \/ Yoast SEO plugin. -->","yoast_head_json":{"title":"Colecci\u00f3n Cuadros Corcho - La Boutique Del Corcho","robots":{"index":"index","follow":"follow","max-snippet":"max-snippet:-1","max-image-preview":"max-image-preview:large","max-video-preview":"max-video-preview:-1"},"canonical":"https:\/\/www.laboutiquedelcorcho.com\/en\/producto\/coleccion-cuadros-corcho\/","og_locale":"en_US","og_type":"article","og_title":"Colecci\u00f3n Cuadros Corcho - La Boutique Del Corcho","og_description":"Colecci\u00f3n de 10 cuadros en 3D, artesanos 100% de corcho.  - Tem\u00e1tica: \"Procesos del vino\" - \"Enolog\u00eda\" Cada uno de los cuadros describe un proceso de elaboraci\u00f3n del vino.  Fabricados totalmente artesanales, hechos a mano y pintados a color con tizas.  Marca \"MONTES\"  Medidas cuadro:  \u2022 40,5 cm alto  \u2022 30,5 cm ancho  \u2022 2,5 cm profundidad","og_url":"https:\/\/www.laboutiquedelcorcho.com\/en\/producto\/coleccion-cuadros-corcho\/","og_site_name":"La Boutique Del Corcho","article_modified_time":"2026-01-29T10:26:16+00:00","og_image":[{"width":1300,"height":1994,"url":"https:\/\/www.laboutiquedelcorcho.com\/wp-content\/uploads\/2021\/10\/colecciobueno2.jpg","type":"image\/jpeg"}],"twitter_card":"summary_large_image","twitter_misc":{"Est. reading time":"1 minute"},"schema":{"@context":"https:\/\/schema.org","@graph":[{"@type":"WebPage","@id":"https:\/\/www.laboutiquedelcorcho.com\/en\/producto\/coleccion-cuadros-corcho\/","url":"https:\/\/www.laboutiquedelcorcho.com\/en\/producto\/coleccion-cuadros-corcho\/","name":"Colecci\u00f3n Cuadros Corcho - La Boutique Del Corcho","isPartOf":{"@id":"https:\/\/www.laboutiquedelcorcho.com\/en\/#website"},"primaryImageOfPage":{"@id":"https:\/\/www.laboutiquedelcorcho.com\/en\/producto\/coleccion-cuadros-corcho\/#primaryimage"},"image":{"@id":"https:\/\/www.laboutiquedelcorcho.com\/en\/producto\/coleccion-cuadros-corcho\/#primaryimage"},"thumbnailUrl":"https:\/\/www.laboutiquedelcorcho.com\/wp-content\/uploads\/2021\/10\/colecciobueno2.jpg","datePublished":"2021-10-21T08:04:01+00:00","dateModified":"2026-01-29T10:26:16+00:00","breadcrumb":{"@id":"https:\/\/www.laboutiquedelcorcho.com\/en\/producto\/coleccion-cuadros-corcho\/#breadcrumb"},"inLanguage":"en-US","potentialAction":[{"@type":"ReadAction","target":["https:\/\/www.laboutiquedelcorcho.com\/en\/producto\/coleccion-cuadros-corcho\/"]}]},{"@type":"ImageObject","inLanguage":"en-US","@id":"https:\/\/www.laboutiquedelcorcho.com\/en\/producto\/coleccion-cuadros-corcho\/#primaryimage","url":"https:\/\/www.laboutiquedelcorcho.com\/wp-content\/uploads\/2021\/10\/colecciobueno2.jpg","contentUrl":"https:\/\/www.laboutiquedelcorcho.com\/wp-content\/uploads\/2021\/10\/colecciobueno2.jpg","width":1300,"height":1994},{"@type":"BreadcrumbList","@id":"https:\/\/www.laboutiquedelcorcho.com\/en\/producto\/coleccion-cuadros-corcho\/#breadcrumb","itemListElement":[{"@type":"ListItem","position":1,"name":"Tienda","item":"https:\/\/www.laboutiquedelcorcho.com\/tienda\/"},{"@type":"ListItem","position":2,"name":"Colecci\u00f3n Cuadros Corcho"}]},{"@type":"WebSite","@id":"https:\/\/www.laboutiquedelcorcho.com\/en\/#website","url":"https:\/\/www.laboutiquedelcorcho.com\/en\/","name":"La Boutique Del Corcho","description":"","potentialAction":[{"@type":"SearchAction","target":{"@type":"EntryPoint","urlTemplate":"https:\/\/www.laboutiquedelcorcho.com\/en\/?s={search_term_string}"},"query-input":{"@type":"PropertyValueSpecification","valueRequired":true,"valueName":"search_term_string"}}],"inLanguage":"en-US"}]}},"_links":{"self":[{"href":"https:\/\/www.laboutiquedelcorcho.com\/en\/wp-json\/wp\/v2\/product\/469","targetHints":{"allow":["GET"]}}],"collection":[{"href":"https:\/\/www.laboutiquedelcorcho.com\/en\/wp-json\/wp\/v2\/product"}],"about":[{"href":"https:\/\/www.laboutiquedelcorcho.com\/en\/wp-json\/wp\/v2\/types\/product"}],"wp:featuredmedia":[{"embeddable":true,"href":"https:\/\/www.laboutiquedelcorcho.com\/en\/wp-json\/wp\/v2\/media\/570"}],"wp:attachment":[{"href":"https:\/\/www.laboutiquedelcorcho.com\/en\/wp-json\/wp\/v2\/media?parent=469"}],"wp:term":[{"taxonomy":"product_brand","embeddable":true,"href":"https:\/\/www.laboutiquedelcorcho.com\/en\/wp-json\/wp\/v2\/product_brand?post=469"},{"taxonomy":"product_cat","embeddable":true,"href":"https:\/\/www.laboutiquedelcorcho.com\/en\/wp-json\/wp\/v2\/product_cat?post=469"},{"taxonomy":"product_tag","embeddable":true,"href":"https:\/\/www.laboutiquedelcorcho.com\/en\/wp-json\/wp\/v2\/product_tag?post=469"}],"curies":[{"name":"wp","href":"https:\/\/api.w.org\/{rel}","templated":true}]}}